{"id":347,"date":"2021-07-20T14:47:43","date_gmt":"2021-07-20T14:47:43","guid":{"rendered":"http:\/\/degi.ubiobio.cl\/?page_id=347"},"modified":"2022-10-04T19:48:34","modified_gmt":"2022-10-04T19:48:34","slug":"becas","status":"publish","type":"page","link":"https:\/\/degi.ubiobio.cl\/index.php\/becas\/","title":{"rendered":"Becas"},"content":{"rendered":"\n<h4 class=\"wp-block-heading\"><strong>Becas del programa DEGI:<\/strong><\/h4>\n\n\n\n<p>Existen 4 becas para la primera cohorte de estudiantes (ingreso 2021); y luego 3 becas anuales para los estudiantes que ingresen en las siguientes cohortes.<\/p>\n\n\n\n<p>Estas becas consideran la exenci\u00f3n del arancel anual de matr\u00edcula, un monto de manutenci\u00f3n mensual de $500.000 y, por \u00fanica vez, $1.800.000 para realizar pasant\u00eda internacional.\u00a0 Las becas se renuevan anualmente de acuerdo al rendimiento acad\u00e9mico del estudiante.<\/p>\n\n\n\n<p>Para postular a estas becas debe estar admitido en el programa de doctorado DEGI.&nbsp;<\/p>\n\n\n\n<h4 class=\"wp-block-heading\"><strong>Becas de la Direcci\u00f3n de Postgrado de la UBB:<\/strong><\/h4>\n\n\n\n<ul class=\"wp-block-list\" type=\"a\"><li><strong>Beca de investigaci\u00f3n de postgrado: <\/strong>Tiene por objetivo contribuir al financiamiento de la tesis de grado con una cantidad m\u00e1xima anual de hasta 100 UF por un per\u00edodo m\u00e1ximo de dos a\u00f1os.<\/li><li><strong>Beca de apoyo para asistencia a eventos cient\u00edficos:<\/strong> Tiene por objetivo apoyar a alumnos\/as de postgrado que deseen presentar ponencias de estados de avance de sus Tesis, resultados finales o trabajos relevantes desarrollados en el transcurso del a\u00f1o acad\u00e9mico, en eventos nacionales o internacionales. &nbsp;El monto m\u00e1ximo asignable ser\u00e1 de hasta 10 UF para eventos nacionales, US$ 800 para eventos en Sudam\u00e9rica y US$ 1.500 para eventos en el resto del mundo.<\/li><\/ul>\n\n\n\n<p>Las bases y formularios de postulaci\u00f3n a estas becas se encuentran en:&nbsp;<\/p>\n\n\n\n<p>&nbsp;<a href=\"http:\/\/postgrados.ubiobio.cl\/Becas\/\" target=\"_blank\" rel=\"noreferrer noopener\">http:\/\/postgrados.ubiobio.cl\/Becas\/<\/a><\/p>\n\n\n\n<h4 class=\"wp-block-heading\"><strong>Becas Programa Postgrado:<\/strong><\/h4>\n\n\n\n<ul class=\"wp-block-list\" type=\"a\"><li><strong>Beca docente: <\/strong>Tiene por objetivo contribuir al financiamiento de los gastos de estudio de alumnos\/as de postgrado mediante la exenci\u00f3n del 50% del arancel anual de matr\u00edcula.&nbsp; El beneficiario de la beca deber\u00e1 retribuir entre 6 a 12 horas semanales de labores docentes de pregrado o ayudant\u00edas en postgrado.<\/li><\/ul>\n\n\n\n<ul class=\"wp-block-list\"><li><strong>Beca de exenci\u00f3n de aranceles para extranjeros supernumerarios: <\/strong>Tiene por objetivo contribuir al financiamiento de los gastos de estudio de alumnos\/as extranjeros de postgrado mediante la exenci\u00f3n del 100% del arancel anual de matr\u00edcula.&nbsp; El beneficiario de la beca deber\u00e1 retribuir con 6 a 12 horas semanales de labores docentes de pregrado o ayudant\u00edas en postgrado.<\/li><\/ul>\n\n\n\n<p>Las bases y formularios de postulaci\u00f3n a estas becas se encuentran en:&nbsp;<\/p>\n\n\n\n<p>&nbsp;<a href=\"http:\/\/postgrados.ubiobio.cl\/Becas\/\" target=\"_blank\" rel=\"noreferrer noopener\">http:\/\/postgrados.ubiobio.cl\/Becas\/<\/a><\/p>\n","protected":false},"excerpt":{"rendered":"<p>Becas del programa DEGI: Existen 4 becas para la primera cohorte de estudiantes (ingreso 2021); y luego 3 becas anuales para los estudiantes que ingresen en las siguientes cohortes. Estas becas consideran la exenci\u00f3n del arancel anual de matr\u00edcula, un monto de manutenci\u00f3n mensual de $500.000 y, por \u00fanica vez, $1.800.000 para realizar pasant\u00eda internacional.\u00a0 [&hellip;]<\/p>\n","protected":false},"author":1,"featured_media":0,"parent":0,"menu_order":0,"comment_status":"closed","ping_status":"closed","template":"","meta":{"footnotes":""},"class_list":["post-347","page","type-page","status-publish","hentry"],"_links":{"self":[{"href":"https:\/\/degi.ubiobio.cl\/index.php\/wp-json\/wp\/v2\/pages\/347","targetHints":{"allow":["GET"]}}],"collection":[{"href":"https:\/\/degi.ubiobio.cl\/index.php\/wp-json\/wp\/v2\/pages"}],"about":[{"href":"https:\/\/degi.ubiobio.cl\/index.php\/wp-json\/wp\/v2\/types\/page"}],"author":[{"embeddable":true,"href":"https:\/\/degi.ubiobio.cl\/index.php\/wp-json\/wp\/v2\/users\/1"}],"replies":[{"embeddable":true,"href":"https:\/\/degi.ubiobio.cl\/index.php\/wp-json\/wp\/v2\/comments?post=347"}],"version-history":[{"count":6,"href":"https:\/\/degi.ubiobio.cl\/index.php\/wp-json\/wp\/v2\/pages\/347\/revisions"}],"predecessor-version":[{"id":564,"href":"https:\/\/degi.ubiobio.cl\/index.php\/wp-json\/wp\/v2\/pages\/347\/revisions\/564"}],"wp:attachment":[{"href":"https:\/\/degi.ubiobio.cl\/index.php\/wp-json\/wp\/v2\/media?parent=347"}],"curies":[{"name":"wp","href":"https:\/\/api.w.org\/{rel}","templated":true}]}}