{"id":278,"date":"2021-07-05T17:21:20","date_gmt":"2021-07-05T17:21:20","guid":{"rendered":"http:\/\/degi.ubiobio.cl\/?page_id=278"},"modified":"2023-09-28T12:09:53","modified_gmt":"2023-09-28T12:09:53","slug":"palabras-de-bienvenida","status":"publish","type":"page","link":"https:\/\/degi.ubiobio.cl\/index.php\/palabras-de-bienvenida\/","title":{"rendered":"Palabras de Bienvenida"},"content":{"rendered":"\n<p>Bienvenidos al programa de <strong>Doctorado en Econom\u00eda y Gesti\u00f3n de la Informaci\u00f3n<\/strong> adscrito a la Facultad de Ciencias Empresariales de la Universidad del B\u00edo-B\u00edo.&nbsp; El actual escenario nacional y mundial refleja la importancia de contar con capital humano avanzado que aborde los desaf\u00edos cada vez m\u00e1s exigentes que impone un mundo globalizado, altamente tecnol\u00f3gico y desbordante en datos.&nbsp; Se requiere de una mirada integradora en donde los problemas socio-econ\u00f3micos y organizacionales se aborden desde una perspectiva hol\u00edstica e interdisciplinaria, aprovechando la disponibilidad y acceso creciente a los datos. El programa de Doctorado en Econom\u00eda y Gesti\u00f3n de la Informaci\u00f3n incorpora esta mirada, siendo un programa pionero, \u00fanico en Chile, y de los pocos en Latinoam\u00e9rica, donde convergen las \u00e1reas de econom\u00eda, gesti\u00f3n y ciencia de datos.<\/p>\n\n\n\n<p>Con esta mirada innovadora, el programa tiene por objetivo formar investigadores de excelencia que contribuyan al desarrollo de las l\u00edneas de investigaci\u00f3n declaradas: <em>An\u00e1lisis Econ\u00f3mico y Organizacional <\/em>y<em> Ciencia de Datos y Gesti\u00f3n de la Informaci\u00f3n. <\/em>Estas dos l\u00edneas interact\u00faan entre si a trav\u00e9s de los fundamentos te\u00f3ricos de la econom\u00eda y organizaciones y el uso de t\u00e9cnicas y herramientas desde las ciencias de la computaci\u00f3n y de los datos.&nbsp; De esta forma, las y los graduados ser\u00e1n capaces de proponer soluciones cient\u00edficas de vanguardia a los desaf\u00edos que imponen las organizaciones en un entorno de cambio constante.<\/p>\n\n\n\n<p>El programa de Doctorado en Econom\u00eda y Gesti\u00f3n de la Informaci\u00f3n consolida el desarrollo del Postgrado en la Facultad de Ciencias Empresariales y ampl\u00eda la oferta de doctorados de la Universidad del B\u00edo-B\u00edo. Cuenta con un cuerpo acad\u00e9mico de excelencia, formado en prestigiosas universidades nacionales y extranjeras, que facilitar\u00e1 a las y los estudiantes a transitar a la frontera del conocimiento en las \u00e1reas disciplinares que aborda el programa.<\/p>\n\n\n\n<p>\u00a1Los invitamos a ser parte de este nuevo desaf\u00edo!<\/p>\n\n\n\n<p>Un afectuoso saludo,<\/p>\n\n\n\n<div class=\"wp-block-columns is-layout-flex wp-container-core-columns-is-layout-9d6595d7 wp-block-columns-is-layout-flex\">\n<div class=\"wp-block-column is-layout-flow wp-block-column-is-layout-flow\" style=\"flex-basis:66.66%\">\n<div class=\"text-center text-md-start mt-md-5\">\n<div style=\"font-size: 1.8rem; color: #d76327; font-weight: 900\">Direcci\u00f3n del Doctorado Econom\u00eda y Gesti\u00f3n de la Informaci\u00f3n<\/div>\n<br>Facultad de Ciencias Empresariales<br>\n<\/div>\n<\/div>\n<\/div>\n","protected":false},"excerpt":{"rendered":"<p>Bienvenidos al programa de Doctorado en Econom\u00eda y Gesti\u00f3n de la Informaci\u00f3n adscrito a la Facultad de Ciencias Empresariales de la Universidad del B\u00edo-B\u00edo.&nbsp; El actual escenario nacional y mundial refleja la importancia de contar con capital humano avanzado que aborde los desaf\u00edos cada vez m\u00e1s exigentes que impone un mundo globalizado, altamente tecnol\u00f3gico y [&hellip;]<\/p>\n","protected":false},"author":1,"featured_media":0,"parent":0,"menu_order":0,"comment_status":"closed","ping_status":"closed","template":"","meta":{"footnotes":""},"class_list":["post-278","page","type-page","status-publish","hentry"],"_links":{"self":[{"href":"https:\/\/degi.ubiobio.cl\/index.php\/wp-json\/wp\/v2\/pages\/278","targetHints":{"allow":["GET"]}}],"collection":[{"href":"https:\/\/degi.ubiobio.cl\/index.php\/wp-json\/wp\/v2\/pages"}],"about":[{"href":"https:\/\/degi.ubiobio.cl\/index.php\/wp-json\/wp\/v2\/types\/page"}],"author":[{"embeddable":true,"href":"https:\/\/degi.ubiobio.cl\/index.php\/wp-json\/wp\/v2\/users\/1"}],"replies":[{"embeddable":true,"href":"https:\/\/degi.ubiobio.cl\/index.php\/wp-json\/wp\/v2\/comments?post=278"}],"version-history":[{"count":21,"href":"https:\/\/degi.ubiobio.cl\/index.php\/wp-json\/wp\/v2\/pages\/278\/revisions"}],"predecessor-version":[{"id":799,"href":"https:\/\/degi.ubiobio.cl\/index.php\/wp-json\/wp\/v2\/pages\/278\/revisions\/799"}],"wp:attachment":[{"href":"https:\/\/degi.ubiobio.cl\/index.php\/wp-json\/wp\/v2\/media?parent=278"}],"curies":[{"name":"wp","href":"https:\/\/api.w.org\/{rel}","templated":true}]}}