{"id":17,"date":"2021-05-30T22:43:44","date_gmt":"2021-05-30T22:43:44","guid":{"rendered":"https:\/\/desarrollo.serviciosinformaticos.cl\/degi\/?page_id=17"},"modified":"2021-10-06T12:53:57","modified_gmt":"2021-10-06T12:53:57","slug":"postulacion","status":"publish","type":"page","link":"https:\/\/degi.ubiobio.cl\/index.php\/postulacion\/","title":{"rendered":"Postulaci\u00f3n"},"content":{"rendered":"\n<h4 class=\"wp-block-heading\">Requisitos de postulaci\u00f3n<\/h4>\n\n\n\n<ul class=\"wp-block-list\"><li>Poseer grado de Licenciado en Ciencias de la Econom\u00eda, Administraci\u00f3n, Ingenier\u00eda o similares, o bien grado de Mag\u00edster en alguna de las disciplinas antes mencionadas. Las certificaciones acad\u00e9micas deber\u00e1n emanar de alguna de las Instituciones Universitarias reconocidas por el Ministerio de Educaci\u00f3n de Chile o su equivalente en el extranjero. En el caso de certificaciones acad\u00e9micas extendidas en el extranjero, \u00e9stas deber\u00e1n acreditarse mediante instrumentos legalizados.<\/li><li>Certificar nivel de ingl\u00e9s B2 o estar dispuesto, si fuere necesario, a tomar cursos de nivelaci\u00f3n de comprensi\u00f3n y expresi\u00f3n oral y escrita del idioma. Ser\u00e1n medio de certificaci\u00f3n pruebas internacionales como TOEFL, TOEIC, Michigan o Test institucional aplicado seg\u00fan programa de formaci\u00f3n acad\u00e9mica anual.<\/li><li>Acreditar conocimiento del idioma espa\u00f1ol, en caso de que el\/la postulante no sea de un pa\u00eds de habla hispana, para lo cual debe certificar nivel de idioma espa\u00f1ol B1 (Prueba Instituto Cervantes) o equivalente, o estar dispuesto, si fuere necesario, a tomar cursos de nivelaci\u00f3n de comprensi\u00f3n y expresi\u00f3n oral y escrita de este idioma.<\/li><\/ul>\n\n\n\n<h4 class=\"wp-block-heading\">Documentos de postulaci\u00f3n<\/h4>\n\n\n\n<ul class=\"wp-block-list\"><li>Carta de solicitud de admisi\u00f3n declarando su motivaci\u00f3n para ingresar al programa y sus intenciones de profundizaci\u00f3n del conocimiento en las l\u00edneas de investigaci\u00f3n del Doctorado en Econom\u00eda y Gesti\u00f3n de la Informaci\u00f3n. En la solicitud debe indicar en qu\u00e9 l\u00ednea de investigaci\u00f3n le interesar\u00eda desarrollar su tesis doctoral garantizando el tiempo comprometido para el desarrollo del programa. Adicionalmente, el\/la postulante debe indicar actividad actual y posibilidades de&nbsp;financiamiento.&nbsp; Esta carta no tiene formato, pero no deber\u00eda tener m\u00e1s de dos p\u00e1ginas.<\/li><li>Curr\u00edculum Vitae acad\u00e9mico&nbsp;<a href=\"http:\/\/degi.ubiobio.cl\/wp-content\/uploads\/2021\/07\/formato_cv.docx\" target=\"_blank\" rel=\"noreferrer noopener\">Descargar formato de CV aqu\u00ed<\/a>.<\/li><li>Curr\u00edculum Vitae con formato libre (Opcional)<\/li><li>Certificados de grado(s) acad\u00e9mico(s) de pregrado y postgrado<\/li><li>Certificado de concentraci\u00f3n de notas de pregrado y postgrado (en caso cuente con un postgrado) con una descripci\u00f3n del ranking o percentil de la ubicaci\u00f3n del postulante entre sus pares al momento de egreso.&nbsp; En caso de que su Universidad de origen no emita ranking debe incluir un certificado de no-ranking.<\/li><li>Plan de estudios y malla curricular de pregrado y postgrado(s)&nbsp;informados. Las certificaciones acad\u00e9micas&nbsp;extendidas en Chile se acreditar\u00e1n mediante el respectivo instrumento oficial o su copia autorizada ante notario p\u00fablico. En caso de certificaciones acad\u00e9micas extendidas en el extranjero, \u00e9stas deber\u00e1n acreditarse mediante instrumentos apostillados o legalizados en Chile.<\/li><li>Documento que acredita el nivel de ingl\u00e9s exigido (B2), o en caso de no tenerlo, carta de compromiso de tomar cursos de nivelaci\u00f3n y contar con el nivel exigido dentro de los dos primeros a\u00f1os del programa.&nbsp;&nbsp;<\/li><li>Dos cartas de recomendaci\u00f3n de car\u00e1cter acad\u00e9mico seg\u00fan formato establecido por el programa, estas deben ser enviadas al correo&nbsp;<a href=\"mailto:degi@ubiobio.cl\">degi@ubiobio.cl<\/a>&nbsp;por los acad\u00e9micos que recomiendan.&nbsp;<a href=\"http:\/\/degi.ubiobio.cl\/wp-content\/uploads\/2021\/07\/formato_carta_recomendacion.docx\" target=\"_blank\" rel=\"noreferrer noopener\">Descargar formato de carta de recomendaci\u00f3n aqu\u00ed<\/a>.<\/li><li>Fotocopia de c\u00e9dula de identidad y certificado de nacimiento. En el caso de extranjeros se deber\u00e1 acompa\u00f1ar copia autorizada del respectivo pasaporte.<\/li><\/ul>\n\n\n\n<p><strong>Documentos adicionales<\/strong><\/p>\n\n\n\n<ul class=\"wp-block-list\"><li>Propuesta inicial de investigaci\u00f3n donde describa, en forma general, el problema de investigaci\u00f3n que desea resolver y en lo posible indique el nombre de un profesor del claustro acad\u00e9mico del programa que valide su tema de investigaci\u00f3n.&nbsp;<\/li><li>Documentaci\u00f3n de respaldo sobre experiencia demostrable en las l\u00edneas de investigaci\u00f3n del programa (acad\u00e9mica y\/o profesional). Por ejemplo, art\u00edculos cient\u00edficos aceptados o publicados, presentaciones en congresos, participaci\u00f3n en proyectos, etc.<\/li><\/ul>\n\n\n\n<h4 class=\"wp-block-heading\">Formulario de Postulaci\u00f3n<\/h4>\n\n\n\n<p>Bienvenido al proceso de postulaci\u00f3n al Doctorado de Econom\u00eda y Gesti\u00f3n de la Informaci\u00f3n (DEGI). Antes de comenzar, descargue y complete toda esta documentaci\u00f3n que le ser\u00e1 requerida en el proceso de postulaci\u00f3n. Para acceder al formulario debe hacerlo a trav\u00e9s de una cuenta de Google y tendr\u00e1 un m\u00e1ximo de 10 MB para subir sus archivos.<\/p>\n\n\n\n<p><strong>Prepare:<\/strong><\/p>\n\n\n\n<ol class=\"wp-block-list\" type=\"1\"><li>Carta de solicitud de admisi\u00f3n<\/li><li>CV acad\u00e9mico (de acuerdo al formato establecido en el programa)<\/li><li>CV con formato libre (opcional)<\/li><li>Documento de respaldo del grado acad\u00e9mico (licenciatura y Mag\u00edster)<\/li><li>Certificado de concentraci\u00f3n de notas&nbsp;(licenciatura y Mag\u00edster)<\/li><li>Certificado de ranking o percentil de la ubicaci\u00f3n del postulante entre sus pares (licenciatura y Magister)&nbsp; o certificado de no-ranking<\/li><li>Plan de estudios y malla curricular de pregrado y postgrado<\/li><li>Documento que acredita el nivel de ingl\u00e9s B2 o en su defecto carta de compromiso del logro del nivel exigido<\/li><li>Dos cartas de recomendaci\u00f3n (de acuerdo al formato establecido por el programa). Estas deben ser enviadas al correo&nbsp;<a href=\"mailto:degi@ubiobio.cl\">degi@ubiobio.cl<\/a>&nbsp;por los acad\u00e9micos que recomiendan (no deben ser subidas a este formulario).<\/li><li>Fotocopia de la c\u00e9dula de identidad (o pasaporte en caso de ser extranjero\/a)<\/li><li>Certificado de nacimiento<\/li><li>Propuesta inicial de investigaci\u00f3n<\/li><li>Documentos que demuestren experiencia en las l\u00edneas de investigaci\u00f3n del programa (acad\u00e9mica y\/o profesional)<\/li><\/ol>\n\n\n\n<p><strong>Descargue y Complete:<\/strong><\/p>\n\n\n\n<ul class=\"wp-block-list\"><li>Curr\u00edculum (<a rel=\"noreferrer noopener\" href=\"http:\/\/degi.ubiobio.cl\/wp-content\/uploads\/2021\/07\/formato_cv.docx\" target=\"_blank\">Descargue formato aqu\u00ed<\/a>)<\/li><li>Cartas de Recomendaci\u00f3n (<a href=\"http:\/\/degi.ubiobio.cl\/wp-content\/uploads\/2021\/07\/formato_carta_recomendacion.docx\" target=\"_blank\" rel=\"noreferrer noopener\">Descargue formato aqu\u00ed<\/a>)<\/li><\/ul>\n\n\n\n<div class=\"alert alert-secondary text-center\" role=\"alert\">\n  Para ingresar al formulario haga click en el siguiente enlace: <a target=\"blank\" href=\"https:\/\/forms.gle\/cBBtRQKVmn5Xqx1c9\" class=\"btn btn-lg btn-secondary\" rel=\"noopener\">Ir al formulario<\/a>\n<\/div>\n","protected":false},"excerpt":{"rendered":"<p>Requisitos de postulaci\u00f3n Poseer grado de Licenciado en Ciencias de la Econom\u00eda, Administraci\u00f3n, Ingenier\u00eda o similares, o bien grado de Mag\u00edster en alguna de las disciplinas antes mencionadas. Las certificaciones acad\u00e9micas deber\u00e1n emanar de alguna de las Instituciones Universitarias reconocidas por el Ministerio de Educaci\u00f3n de Chile o su equivalente en el extranjero. En el [&hellip;]<\/p>\n","protected":false},"author":1,"featured_media":0,"parent":0,"menu_order":0,"comment_status":"closed","ping_status":"closed","template":"","meta":{"footnotes":""},"class_list":["post-17","page","type-page","status-publish","hentry"],"_links":{"self":[{"href":"https:\/\/degi.ubiobio.cl\/index.php\/wp-json\/wp\/v2\/pages\/17","targetHints":{"allow":["GET"]}}],"collection":[{"href":"https:\/\/degi.ubiobio.cl\/index.php\/wp-json\/wp\/v2\/pages"}],"about":[{"href":"https:\/\/degi.ubiobio.cl\/index.php\/wp-json\/wp\/v2\/types\/page"}],"author":[{"embeddable":true,"href":"https:\/\/degi.ubiobio.cl\/index.php\/wp-json\/wp\/v2\/users\/1"}],"replies":[{"embeddable":true,"href":"https:\/\/degi.ubiobio.cl\/index.php\/wp-json\/wp\/v2\/comments?post=17"}],"version-history":[{"count":34,"href":"https:\/\/degi.ubiobio.cl\/index.php\/wp-json\/wp\/v2\/pages\/17\/revisions"}],"predecessor-version":[{"id":381,"href":"https:\/\/degi.ubiobio.cl\/index.php\/wp-json\/wp\/v2\/pages\/17\/revisions\/381"}],"wp:attachment":[{"href":"https:\/\/degi.ubiobio.cl\/index.php\/wp-json\/wp\/v2\/media?parent=17"}],"curies":[{"name":"wp","href":"https:\/\/api.w.org\/{rel}","templated":true}]}}