{"id":13,"date":"2021-05-30T22:43:16","date_gmt":"2021-05-30T22:43:16","guid":{"rendered":"https:\/\/desarrollo.serviciosinformaticos.cl\/degi\/?page_id=13"},"modified":"2021-06-25T23:41:33","modified_gmt":"2021-06-25T23:41:33","slug":"lineas-de-investigacion","status":"publish","type":"page","link":"https:\/\/degi.ubiobio.cl\/index.php\/lineas-de-investigacion\/","title":{"rendered":"L\u00edneas de Investigaci\u00f3n"},"content":{"rendered":"\n<h4 class=\"wp-block-heading\">An\u00e1lisis Econ\u00f3mico y Organizacional<\/h4>\n\n\n\n<p>Esta \u00e1rea se centra en la profundizaci\u00f3n en aspectos de teor\u00eda econ\u00f3mica y&nbsp;organizaciones&nbsp;que permitan al estudiante comprender el comportamiento de las firmas, los hogares e individuos, al igual que el funcionamiento de las organizaciones y mercados. Lo anterior para analizar y proponer soluciones cient\u00edficas a problemas socioecon\u00f3micos y organizacionales.&nbsp;<\/p>\n\n\n\n<p><strong>Algunos electivos:<\/strong><\/p>\n\n\n\n<ul class=\"list-group\" style=\"padding-left: 0px !important\">\n  <li class=\"list-group-item\">Gesti\u00f3n Organizacional y Bienestar Social<\/li>\n  <li class=\"list-group-item\">Econom\u00eda del Desarrollo<\/li>\n  <li class=\"list-group-item\">Econometr\u00eda de Datos de Panel y Evaluaci\u00f3n de Impacto<\/li>\n  <li class=\"list-group-item\">Econom\u00eda Agraria<\/li>\n<\/ul>\n\n\n\n<h4 class=\"wp-block-heading\">Ciencia de Datos y Gesti\u00f3n de la Informaci\u00f3n<\/h4>\n\n\n\n<p>Esta \u00e1rea se enfoca en el tratamiento y an\u00e1lisis de datos mediante el dise\u00f1o y aplicaci\u00f3n de t\u00e9cnicas basadas en las ciencias de la computaci\u00f3n y de los datos, con un enfoque multidisciplinar pr\u00e1ctico, para la obtenci\u00f3n de informaci\u00f3n relevante para la toma de decisiones, contemplando adem\u00e1s m\u00e9todos para su adecuada gesti\u00f3n, que posibiliten o faciliten proponer soluciones cient\u00edficas a problemas socio-econ\u00f3micos y de sistemas organizacionales.<\/p>\n\n\n\n<p><strong>Algunos electivos<\/strong>:<\/p>\n\n\n\n<ul class=\"list-group\" style=\"padding-left: 0px !important\">\n  <li class=\"list-group-item\">Modelos de Ecuaciones Estructurales<\/li>\n  <li class=\"list-group-item\">Arquitecturas Empresariales<\/li>\n  <li class=\"list-group-item\">Adopci\u00f3n de Sistemas y Tecnolog\u00edas desde un Enfoque Actitudinal<\/li>\n  <li class=\"list-group-item\">Redes Neuronales y Deep Learning<\/li>\n  <li class=\"list-group-item\">Programaci\u00f3n en R para Ciencia de Datos<\/li>\n<\/ul>\n","protected":false},"excerpt":{"rendered":"<p>An\u00e1lisis Econ\u00f3mico y Organizacional Esta \u00e1rea se centra en la profundizaci\u00f3n en aspectos de teor\u00eda econ\u00f3mica y&nbsp;organizaciones&nbsp;que permitan al estudiante comprender el comportamiento de las firmas, los hogares e individuos, al igual que el funcionamiento de las organizaciones y mercados. Lo anterior para analizar y proponer soluciones cient\u00edficas a problemas socioecon\u00f3micos y organizacionales.&nbsp; Algunos electivos: [&hellip;]<\/p>\n","protected":false},"author":1,"featured_media":0,"parent":0,"menu_order":0,"comment_status":"closed","ping_status":"closed","template":"","meta":{"footnotes":""},"class_list":["post-13","page","type-page","status-publish","hentry"],"_links":{"self":[{"href":"https:\/\/degi.ubiobio.cl\/index.php\/wp-json\/wp\/v2\/pages\/13","targetHints":{"allow":["GET"]}}],"collection":[{"href":"https:\/\/degi.ubiobio.cl\/index.php\/wp-json\/wp\/v2\/pages"}],"about":[{"href":"https:\/\/degi.ubiobio.cl\/index.php\/wp-json\/wp\/v2\/types\/page"}],"author":[{"embeddable":true,"href":"https:\/\/degi.ubiobio.cl\/index.php\/wp-json\/wp\/v2\/users\/1"}],"replies":[{"embeddable":true,"href":"https:\/\/degi.ubiobio.cl\/index.php\/wp-json\/wp\/v2\/comments?post=13"}],"version-history":[{"count":8,"href":"https:\/\/degi.ubiobio.cl\/index.php\/wp-json\/wp\/v2\/pages\/13\/revisions"}],"predecessor-version":[{"id":268,"href":"https:\/\/degi.ubiobio.cl\/index.php\/wp-json\/wp\/v2\/pages\/13\/revisions\/268"}],"wp:attachment":[{"href":"https:\/\/degi.ubiobio.cl\/index.php\/wp-json\/wp\/v2\/media?parent=13"}],"curies":[{"name":"wp","href":"https:\/\/api.w.org\/{rel}","templated":true}]}}