{"id":11,"date":"2021-05-30T22:43:04","date_gmt":"2021-05-30T22:43:04","guid":{"rendered":"https:\/\/desarrollo.serviciosinformaticos.cl\/degi\/?page_id=11"},"modified":"2023-08-16T15:24:31","modified_gmt":"2023-08-16T15:24:31","slug":"programa","status":"publish","type":"page","link":"https:\/\/degi.ubiobio.cl\/index.php\/programa\/","title":{"rendered":"Programa"},"content":{"rendered":"\n<h4 class=\"wp-block-heading\">DETALLES PROGRAMA<\/h4>\n\n\n\n<table class=\"table table-striped\">\n    <tbody>\n        <tr>\n            <th>Grado acad\u00e9mico:<\/th>\n            <td>Doctor en Econom\u00eda y Gesti\u00f3n de la Informaci\u00f3n<\/td>\n        <\/tr>\n        <tr>\n            <th>Modalidad:<\/th>\n            <td>Presencial<\/td>\n        <\/tr>\n        <tr>\n            <th>Jornada:<\/th>\n            <td>Diurna<\/td>\n        <\/tr>\n        <tr>\n            <th>Dedicaci\u00f3n:<\/th>\n            <td>Completa<\/td>\n        <\/tr>\n        <tr>\n            <th>Duraci\u00f3n:<\/th>\n            <td>8 semestres<\/td>\n        <\/tr>\n        <tr>\n            <th>Sedes:<\/th>\n            <td>Facultad de Ciencias Empresariales de Concepci\u00f3n y\/o  Chill\u00e1n (algunas clases se realizar\u00e1n de manera h\u00edbrida)<\/td>\n        <\/tr>\n        <tr>\n            <th>Cr\u00e9ditos:<\/th>\n            <td>240 SCT<\/td>\n        <\/tr>\n    <\/tbody>\n<\/table>\n\n\n\n<h4 class=\"wp-block-heading\">\u00bfPOR QU\u00c9 ESTUDIAR ESTE DOCTORADO?<\/h4>\n\n\n\n<p>Por ser un programa \u00fanico en Chile en que convergen las \u00e1reas de Econom\u00eda, Gesti\u00f3n y Ciencia de Datos y su aplicaci\u00f3n en investigaci\u00f3n a problemas socio-econ\u00f3micos y organizacionales.<\/p>\n\n\n\n<h4 class=\"wp-block-heading\">OBJETIVO<\/h4>\n\n\n\n<p>Formar investigadores aut\u00f3nomos y de excelencia, capaces de liderar grupos de investigaci\u00f3n que contribuyan al desarrollo de las \u00e1reas de econom\u00eda y gesti\u00f3n de la informaci\u00f3n a trav\u00e9s de la generaci\u00f3n de conocimiento cient\u00edfico con la finalidad de proponer soluciones a problemas socio-econ\u00f3micos y organizacionales.<\/p>\n\n\n\n<h4 class=\"wp-block-heading\">PERFIL DE GRADUADO<\/h4>\n\n\n\n<p>El\/la graduado\/a del Doctorado en Econom\u00eda y Gesti\u00f3n de la Informaci\u00f3n de la Universidad del B\u00edo-B\u00edo se caracteriza por ser un investigador aut\u00f3nomo que genera y aplica conocimiento desde el \u00e1mbito de la econom\u00eda y la gesti\u00f3n de la informaci\u00f3n. Se distingue por sus habilidades y conocimientos sobre m\u00e9todos y herramientas para la gesti\u00f3n y an\u00e1lisis de datos que permitan modelar y proponer soluciones a problemas socio-econ\u00f3micos y organizacionales. El graduado tiene competencias para trabajar tanto en entornos acad\u00e9micos y centros de investigaci\u00f3n como en instituciones p\u00fablicas y privadas, a nivel nacional e internacional, proponiendo soluciones cient\u00edficas en el \u00e1mbito econ\u00f3mico y\/o organizacional.<\/p>\n\n\n\n<h4 class=\"wp-block-heading\">MALLA CURRICULAR<\/h4>\n\n\n\n<figure class=\"wp-block-image size-large\"><img loading=\"lazy\" decoding=\"async\" width=\"1080\" height=\"734\" src=\"http:\/\/degi.ubiobio.cl\/wp-content\/uploads\/2021\/06\/malla-curricular.jpg\" alt=\"\" class=\"wp-image-257\" srcset=\"https:\/\/degi.ubiobio.cl\/wp-content\/uploads\/2021\/06\/malla-curricular.jpg 1080w, https:\/\/degi.ubiobio.cl\/wp-content\/uploads\/2021\/06\/malla-curricular-441x300.jpg 441w, https:\/\/degi.ubiobio.cl\/wp-content\/uploads\/2021\/06\/malla-curricular-768x522.jpg 768w\" sizes=\"auto, (max-width: 1080px) 100vw, 1080px\" \/><\/figure>\n\n\n\n<div class=\"alert alert-secondary text-center\" role=\"alert\">\n  Revisa el Brochure del doctorado: <a target=\"blank\" href=\"http:\/\/degi.ubiobio.cl\/wp-content\/uploads\/2023\/08\/brochure-degi-2023.pdf\" class=\"btn btn-lg btn-secondary\" rel=\"noopener\">Ver brochure<\/a>\n<\/div>\n","protected":false},"excerpt":{"rendered":"<p>DETALLES PROGRAMA Grado acad\u00e9mico: Doctor en Econom\u00eda y Gesti\u00f3n de la Informaci\u00f3n Modalidad: Presencial Jornada: Diurna Dedicaci\u00f3n: Completa Duraci\u00f3n: 8 semestres Sedes: Facultad de Ciencias Empresariales de Concepci\u00f3n y\/o Chill\u00e1n (algunas clases se realizar\u00e1n de manera h\u00edbrida) Cr\u00e9ditos: 240 SCT \u00bfPOR QU\u00c9 ESTUDIAR ESTE DOCTORADO? Por ser un programa \u00fanico en Chile en que convergen [&hellip;]<\/p>\n","protected":false},"author":1,"featured_media":7,"parent":0,"menu_order":0,"comment_status":"closed","ping_status":"closed","template":"","meta":{"footnotes":""},"class_list":["post-11","page","type-page","status-publish","has-post-thumbnail","hentry"],"_links":{"self":[{"href":"https:\/\/degi.ubiobio.cl\/index.php\/wp-json\/wp\/v2\/pages\/11","targetHints":{"allow":["GET"]}}],"collection":[{"href":"https:\/\/degi.ubiobio.cl\/index.php\/wp-json\/wp\/v2\/pages"}],"about":[{"href":"https:\/\/degi.ubiobio.cl\/index.php\/wp-json\/wp\/v2\/types\/page"}],"author":[{"embeddable":true,"href":"https:\/\/degi.ubiobio.cl\/index.php\/wp-json\/wp\/v2\/users\/1"}],"replies":[{"embeddable":true,"href":"https:\/\/degi.ubiobio.cl\/index.php\/wp-json\/wp\/v2\/comments?post=11"}],"version-history":[{"count":27,"href":"https:\/\/degi.ubiobio.cl\/index.php\/wp-json\/wp\/v2\/pages\/11\/revisions"}],"predecessor-version":[{"id":777,"href":"https:\/\/degi.ubiobio.cl\/index.php\/wp-json\/wp\/v2\/pages\/11\/revisions\/777"}],"wp:featuredmedia":[{"embeddable":true,"href":"https:\/\/degi.ubiobio.cl\/index.php\/wp-json\/wp\/v2\/media\/7"}],"wp:attachment":[{"href":"https:\/\/degi.ubiobio.cl\/index.php\/wp-json\/wp\/v2\/media?parent=11"}],"curies":[{"name":"wp","href":"https:\/\/api.w.org\/{rel}","templated":true}]}}