{"id":1853,"date":"2026-05-07T17:38:41","date_gmt":"2026-05-07T17:38:41","guid":{"rendered":"https:\/\/degi.ubiobio.cl\/?page_id=1853"},"modified":"2026-05-08T15:20:19","modified_gmt":"2026-05-08T15:20:19","slug":"academicos-visitantes","status":"publish","type":"page","link":"http:\/\/degi.ubiobio.cl\/index.php\/academicos-visitantes\/","title":{"rendered":"Acad\u00e9micos visitantes"},"content":{"rendered":"\n<p class=\"has-huge-font-size\"><strong>Regulares:<\/strong><\/p>\n\n\n\n<p class=\"has-huge-font-size\"><strong>2026:<\/strong><\/p>\n\n\n\n<p class=\"has-small-font-size\"><strong>Dr. Joan Carles Gil Mart\u00edn<\/strong> <a href=\"https:\/\/futur.upc.edu\/JoanCarlesGilMartin\" data-type=\"link\" data-id=\"https:\/\/futur.upc.edu\/JoanCarlesGilMartin\">(m\u00e1s info<\/a>)<\/p>\n\n\n\n<p class=\"has-small-font-size\"><strong>Rut:<\/strong> DNI &#8211; 38539594N<\/p>\n\n\n\n<p class=\"has-small-font-size\"><strong>Instituci\u00f3n:<\/strong> Universidad Polit\u00e9cnica de Catalunya<\/p>\n\n\n\n<p class=\"has-small-font-size\"><strong>Pa\u00eds:<\/strong> Espa\u00f1a <\/p>\n\n\n\n<p class=\"has-small-font-size\"><strong>Facultad:<\/strong>&nbsp; Facultad de Matem\u00e1ticas y Estad\u00edstica (FME)<\/p>\n\n\n\n<p class=\"has-small-font-size\"><strong>Departamento:<\/strong> Organizaci\u00f3n de Empresas<\/p>\n\n\n\n<p class=\"has-small-font-size\"><strong>Actividades: <\/strong><\/p>\n\n\n\n<ul class=\"wp-block-list\">\n<li class=\"has-small-font-size\">Imparte clase actualizada y participativa de gesti\u00f3n estrat\u00e9gica desde un contexto global. (<a href=\"https:\/\/degi.ubiobio.cl\/index.php\/gestion-estrategica-en-un-mundo-impredecible-conferencia-internacional-dictadapor-el-dr-joan-carles-gil-martin-de-la-universidad-politecnica-de-cataluna-barcelona-espana\/\" data-type=\"link\" data-id=\"https:\/\/degi.ubiobio.cl\/index.php\/gestion-estrategica-en-un-mundo-impredecible-conferencia-internacional-dictadapor-el-dr-joan-carles-gil-martin-de-la-universidad-politecnica-de-cataluna-barcelona-espana\/\">ver noticia<\/a>)<\/li>\n<\/ul>\n\n\n\n<p class=\"has-huge-font-size\"><strong>2023<\/strong>:<\/p>\n\n\n\n<p class=\"has-small-font-size\"><strong>Dr. Fernando Rafael Jim\u00e9nez Ar\u00e9valo<\/strong> (<a href=\"https:\/\/hb2504.utep.edu\/Home\/Profile?username=frjimenezarevalo\" data-type=\"link\" data-id=\"https:\/\/hb2504.utep.edu\/Home\/Profile?username=frjimenezarevalo\">m\u00e1s info<\/a>)<\/p>\n\n\n\n<p class=\"has-small-font-size\"><strong>Rut:<\/strong> Pasaporte 547405664, <\/p>\n\n\n\n<p class=\"has-small-font-size\"><strong>Instituci\u00f3n:<\/strong> The University of Texas at El Paso<\/p>\n\n\n\n<p class=\"has-small-font-size\"><strong>Pa\u00eds:<\/strong> Estados Unidos <\/p>\n\n\n\n<p class=\"has-small-font-size\"><strong>Actividades realizadas:<\/strong><\/p>\n\n\n\n<ul class=\"wp-block-list\">\n<li class=\"has-small-font-size\"><a href=\"https:\/\/face.ubiobio.cl\/visita-de-academico-de-la-universidad-de-texas-el-paso-fortalece-el-degi\/\" data-type=\"link\" data-id=\"https:\/\/face.ubiobio.cl\/visita-de-academico-de-la-universidad-de-texas-el-paso-fortalece-el-degi\/\">Noticia 1<\/a>: Visita de acad\u00e9mico de la Universidad de Texas-El Paso fortalece el DEGI<\/li>\n\n\n\n<li class=\"has-small-font-size\"><a href=\"https:\/\/face.ubiobio.cl\/degi-y-face-concretan-un-convenio-de-colaboracion-con-la-universidad-de-texas-el-paso-de-estados-unidos\/\" data-type=\"link\" data-id=\"https:\/\/face.ubiobio.cl\/degi-y-face-concretan-un-convenio-de-colaboracion-con-la-universidad-de-texas-el-paso-de-estados-unidos\/\">Noticia 2<\/a>: De esta visita y participaci\u00f3n del profesor Fernando Jim\u00e9nez se logr\u00f3 firmar un convenio de colaboraci\u00f3n con la Universidad de Texas El Paso en Estados Unidos.<\/li>\n<\/ul>\n\n\n\n<p class=\"has-huge-font-size\"><strong>Espor\u00e1dicos:<\/strong><\/p>\n\n\n\n<p>2025:<\/p>\n\n\n\n<p class=\"has-normal-font-size\">Dr. Jos\u00e9 Mar\u00eda Alonso Moral (ORCID: 0000-0003-3673-421X)<\/p>\n\n\n\n<p class=\"has-small-font-size\">Rut:<\/p>\n\n\n\n<p class=\"has-small-font-size\"><strong>Instituci\u00f3n:<\/strong> Universidad de Santiago de Compostela<\/p>\n\n\n\n<p class=\"has-small-font-size\"><strong>Pa\u00eds: <\/strong>Espa\u00f1a<\/p>\n\n\n\n<p class=\"has-small-font-size\"><strong>Actividades realizadas:<\/strong><\/p>\n\n\n\n<ul class=\"wp-block-list\">\n<li class=\"has-small-font-size\"><strong>Charla magistral:<\/strong> C\u00f3mo construir sistemas inteligentes confiables, buenas practicas: explicabiliad, \u00e9tica y regulaci\u00f3n<\/li>\n<\/ul>\n\n\n<div class=\"wp-block-image\">\n<figure class=\"aligncenter size-full is-resized\"><img loading=\"lazy\" decoding=\"async\" width=\"800\" height=\"800\" src=\"http:\/\/degi.ubiobio.cl\/wp-content\/uploads\/2026\/05\/charla_jose_alonso_14_Noviembre_2025.jpg\" alt=\"\" class=\"wp-image-1903\" style=\"width:450px;height:auto\" srcset=\"http:\/\/degi.ubiobio.cl\/wp-content\/uploads\/2026\/05\/charla_jose_alonso_14_Noviembre_2025.jpg 800w, http:\/\/degi.ubiobio.cl\/wp-content\/uploads\/2026\/05\/charla_jose_alonso_14_Noviembre_2025-300x300.jpg 300w, http:\/\/degi.ubiobio.cl\/wp-content\/uploads\/2026\/05\/charla_jose_alonso_14_Noviembre_2025-768x768.jpg 768w\" sizes=\"auto, (max-width: 800px) 100vw, 800px\" \/><\/figure>\n<\/div>","protected":false},"excerpt":{"rendered":"<p>Regulares: 2026: Dr. Joan Carles Gil Mart\u00edn (m\u00e1s info) Rut: DNI &#8211; 38539594N Instituci\u00f3n: Universidad Polit\u00e9cnica de Catalunya Pa\u00eds: Espa\u00f1a Facultad:&nbsp; Facultad de Matem\u00e1ticas y Estad\u00edstica (FME) Departamento: Organizaci\u00f3n de Empresas Actividades: 2023: Dr. Fernando Rafael Jim\u00e9nez Ar\u00e9valo (m\u00e1s info) Rut: Pasaporte 547405664, Instituci\u00f3n: The University of Texas at El Paso Pa\u00eds: Estados Unidos Actividades [&hellip;]<\/p>\n","protected":false},"author":9,"featured_media":0,"parent":0,"menu_order":0,"comment_status":"closed","ping_status":"closed","template":"","meta":{"footnotes":""},"class_list":["post-1853","page","type-page","status-publish","hentry"],"_links":{"self":[{"href":"http:\/\/degi.ubiobio.cl\/index.php\/wp-json\/wp\/v2\/pages\/1853","targetHints":{"allow":["GET"]}}],"collection":[{"href":"http:\/\/degi.ubiobio.cl\/index.php\/wp-json\/wp\/v2\/pages"}],"about":[{"href":"http:\/\/degi.ubiobio.cl\/index.php\/wp-json\/wp\/v2\/types\/page"}],"author":[{"embeddable":true,"href":"http:\/\/degi.ubiobio.cl\/index.php\/wp-json\/wp\/v2\/users\/9"}],"replies":[{"embeddable":true,"href":"http:\/\/degi.ubiobio.cl\/index.php\/wp-json\/wp\/v2\/comments?post=1853"}],"version-history":[{"count":13,"href":"http:\/\/degi.ubiobio.cl\/index.php\/wp-json\/wp\/v2\/pages\/1853\/revisions"}],"predecessor-version":[{"id":1904,"href":"http:\/\/degi.ubiobio.cl\/index.php\/wp-json\/wp\/v2\/pages\/1853\/revisions\/1904"}],"wp:attachment":[{"href":"http:\/\/degi.ubiobio.cl\/index.php\/wp-json\/wp\/v2\/media?parent=1853"}],"curies":[{"name":"wp","href":"https:\/\/api.w.org\/{rel}","templated":true}]}}