{"id":1835,"date":"2026-05-06T14:43:03","date_gmt":"2026-05-06T14:43:03","guid":{"rendered":"https:\/\/degi.ubiobio.cl\/?page_id=1835"},"modified":"2026-05-08T13:55:37","modified_gmt":"2026-05-08T13:55:37","slug":"proyectos-tesis","status":"publish","type":"page","link":"http:\/\/degi.ubiobio.cl\/index.php\/proyectos-tesis\/","title":{"rendered":"Proyectos Tesis"},"content":{"rendered":"\n<p>25 de Mayo 2026<\/p>\n\n\n\n<p class=\"has-small-font-size\"><strong>Defensa de Proyecto de Tesis \u2013 Crist\u00f3bal V\u00e1squez Quezada<\/strong><\/p>\n\n\n\n<p class=\"has-small-font-size\"><strong>T\u00edtulo:<\/strong> Towards sustainable management of solid waste in Chile: The role of connectedness, information, and policy acceptability<\/p>\n\n\n\n<p class=\"has-small-font-size\"><strong>Profesores gu\u00eda:<\/strong>  Dr. C\u00e9sar Salazar &#8211; UBB y Dra. Marcela Jaime -UDEC<\/p>\n\n\n\n<p class=\"has-small-font-size\"><strong>Evaluador interno:<\/strong> Dr. Ricardo Troncoso &#8211; UBB<\/p>\n\n\n\n<p class=\"has-small-font-size\"><strong>Evaluador externo:<\/strong> Dr. Alejandro L\u00f3pez-Feldman &#8211; Universidad de Gotemburgo<\/p>\n\n\n\n<p class=\"has-small-font-size\"><strong>Linea de investigaci\u00f3n de la tesis: <\/strong> An\u00e1lisis Econ\u00f3mico y Organizacional<\/p>\n\n\n\n<p>28 de Mayo de 2026<\/p>\n\n\n\n<p class=\"has-small-font-size\"><strong>Defensa de Proyecto de Tesis \u2013 Julio C\u00e9sar Purcena<\/strong><\/p>\n\n\n\n<p class=\"has-small-font-size\"><em><strong>T\u00edtulo:<\/strong><\/em> <em>Inserci\u00f3n laboral de doctores en Chile: estructuras institucionales, coherencia de las pol\u00edticas de ciencia y tecnolog\u00eda y patrones de asignaci\u00f3n en el sistema de I+D<\/em><\/p>\n\n\n\n<p class=\"has-small-font-size\"><strong>Profesor gu\u00eda:<\/strong> Dr. Francisco Gatica &#8211; UBB<\/p>\n\n\n\n<p class=\"has-small-font-size\"><strong>Evaluadora internoa:<\/strong> Dra. Marjorie Baquedano &#8211; UBB<\/p>\n\n\n\n<p class=\"has-small-font-size\"><strong>Evaluador externo:<\/strong> Dr. Salvador Estrada &#8211; Universidad de Guanajuato<\/p>\n\n\n\n<p class=\"has-small-font-size\"><strong>Fecha:<\/strong> 28 de mayo de 2026<br><strong>Lugar:<\/strong> Concepci\u00f3n, Chile<\/p>\n\n\n\n<p class=\"has-small-font-size\"><strong>Linea de investigaci\u00f3n de la tesis: <\/strong> An\u00e1lisis Econ\u00f3mico y Organizacional<\/p>\n\n\n\n<p><\/p>\n\n\n\n<p><\/p>\n\n\n\n<p><\/p>\n","protected":false},"excerpt":{"rendered":"<p>25 de Mayo 2026 Defensa de Proyecto de Tesis \u2013 Crist\u00f3bal V\u00e1squez Quezada T\u00edtulo: Towards sustainable management of solid waste in Chile: The role of connectedness, information, and policy acceptability Profesores gu\u00eda: Dr. C\u00e9sar Salazar &#8211; UBB y Dra. Marcela Jaime -UDEC Evaluador interno: Dr. Ricardo Troncoso &#8211; UBB Evaluador externo: Dr. Alejandro L\u00f3pez-Feldman &#8211; [&hellip;]<\/p>\n","protected":false},"author":9,"featured_media":0,"parent":0,"menu_order":0,"comment_status":"closed","ping_status":"closed","template":"","meta":{"footnotes":""},"class_list":["post-1835","page","type-page","status-publish","hentry"],"_links":{"self":[{"href":"http:\/\/degi.ubiobio.cl\/index.php\/wp-json\/wp\/v2\/pages\/1835","targetHints":{"allow":["GET"]}}],"collection":[{"href":"http:\/\/degi.ubiobio.cl\/index.php\/wp-json\/wp\/v2\/pages"}],"about":[{"href":"http:\/\/degi.ubiobio.cl\/index.php\/wp-json\/wp\/v2\/types\/page"}],"author":[{"embeddable":true,"href":"http:\/\/degi.ubiobio.cl\/index.php\/wp-json\/wp\/v2\/users\/9"}],"replies":[{"embeddable":true,"href":"http:\/\/degi.ubiobio.cl\/index.php\/wp-json\/wp\/v2\/comments?post=1835"}],"version-history":[{"count":8,"href":"http:\/\/degi.ubiobio.cl\/index.php\/wp-json\/wp\/v2\/pages\/1835\/revisions"}],"predecessor-version":[{"id":1899,"href":"http:\/\/degi.ubiobio.cl\/index.php\/wp-json\/wp\/v2\/pages\/1835\/revisions\/1899"}],"wp:attachment":[{"href":"http:\/\/degi.ubiobio.cl\/index.php\/wp-json\/wp\/v2\/media?parent=1835"}],"curies":[{"name":"wp","href":"https:\/\/api.w.org\/{rel}","templated":true}]}}