{"id":1812,"date":"2026-05-05T15:21:44","date_gmt":"2026-05-05T15:21:44","guid":{"rendered":"https:\/\/degi.ubiobio.cl\/?page_id=1812"},"modified":"2026-05-07T17:23:01","modified_gmt":"2026-05-07T17:23:01","slug":"tesis","status":"publish","type":"page","link":"http:\/\/degi.ubiobio.cl\/index.php\/tesis\/","title":{"rendered":"Tesis"},"content":{"rendered":"\n<p class=\"has-huge-font-size\"><strong>2026<\/strong><\/p>\n\n\n\n<p class=\"has-small-font-size\"><strong>Defensa de Tesis \u2013 Pablo Andres Gonz\u00e1lez Albornoz<\/strong><\/p>\n\n\n\n<p class=\"has-small-font-size\"><strong>T\u00edtulo:<\/strong><\/p>\n\n\n\n<p class=\"has-small-font-size\"><em>Pol\u00edticas econ\u00f3micas, actores sociales y variables morfol\u00f3gicas en el desarrollo de barrios hist\u00f3ricos, mediante modelos h\u00edbridos explicables de cambio de uso de suelo. El caso del Barrio Bellavista de Tom\u00e9<\/em><\/p>\n\n\n\n<p class=\"has-small-font-size\"><strong>Profesores gu\u00eda:<\/strong><br>Dr. Clemente Rubio Manzano &#8211; UBB<br>Dra. Mar\u00eda Isabel L\u00f3pez &#8211; UBB<\/p>\n\n\n\n<p class=\"has-small-font-size\"><strong>Evaluador interno:<\/strong><\/p>\n\n\n\n<p class=\"has-small-font-size\">Dr. Francisco Gatica Neira &#8211; UBB<\/p>\n\n\n\n<p class=\"has-small-font-size\"><strong>Evaluador externo:<\/strong><br>Dr. Jorge Inzulza Contardo<br>Universidad de Chile<\/p>\n\n\n\n<p class=\"has-small-font-size\"><strong>Fecha:<\/strong> 16 de abril de 2026<br><strong>Lugar:<\/strong> Concepci\u00f3n, Chile<\/p>\n\n\n\n<p class=\"has-small-font-size\"><strong>Linea de investigaci\u00f3n de la tesis: <\/strong><\/p>\n\n\n\n<p class=\"has-small-font-size\">Ciencia de Datos y Gesti\u00f3n de la Informaci\u00f3n<\/p>\n\n\n\n<p class=\"has-huge-font-size\"><strong>2025<\/strong><\/p>\n\n\n\n<p class=\"has-small-font-size\"><strong>Defensa de Tesis \u2013 Natalia Bravo Adasme<\/strong><\/p>\n\n\n\n<p class=\"has-small-font-size\"><strong>T\u00edtulo:<\/strong><\/p>\n\n\n\n<p class=\"has-small-font-size\"><em>Acumulador Digital: estableciendo una tipolog\u00eda desde la colecci\u00f3n hasta la acumulaci\u00f3n digital extrema<\/em><\/p>\n\n\n\n<p class=\"has-small-font-size\"><strong>Profesores gu\u00eda:<\/strong><br>Dra. Elizabeth Grand\u00f3n Toledo &#8211; UBB<br>Dr. Alejandro Cataldo &#8211; Universidad de Talca<\/p>\n\n\n\n<p class=\"has-small-font-size\"><strong>Evaluador externo:<\/strong><br>Dr. Mario Arias-Oliva &#8211; Universidad Complutense de Madrid<\/p>\n\n\n\n<p class=\"has-small-font-size\"><strong>Fecha:<\/strong> 8 de octubre de 2025<br><strong>Lugar:<\/strong> Chill\u00e1n, Chile<\/p>\n\n\n\n<p class=\"has-small-font-size\"><strong>Linea de investigaci\u00f3n de la tesis: <\/strong><\/p>\n\n\n\n<p class=\"has-small-font-size\">Ciencia de Datos y Gesti\u00f3n de la Informaci\u00f3n<\/p>\n\n\n\n<p><\/p>\n\n\n\n<p><\/p>\n\n\n\n<p><\/p>\n","protected":false},"excerpt":{"rendered":"<p>2026 Defensa de Tesis \u2013 Pablo Andres Gonz\u00e1lez Albornoz T\u00edtulo: Pol\u00edticas econ\u00f3micas, actores sociales y variables morfol\u00f3gicas en el desarrollo de barrios hist\u00f3ricos, mediante modelos h\u00edbridos explicables de cambio de uso de suelo. El caso del Barrio Bellavista de Tom\u00e9 Profesores gu\u00eda:Dr. Clemente Rubio Manzano &#8211; UBBDra. Mar\u00eda Isabel L\u00f3pez &#8211; UBB Evaluador interno: Dr. [&hellip;]<\/p>\n","protected":false},"author":9,"featured_media":0,"parent":0,"menu_order":0,"comment_status":"closed","ping_status":"closed","template":"","meta":{"footnotes":""},"class_list":["post-1812","page","type-page","status-publish","hentry"],"_links":{"self":[{"href":"http:\/\/degi.ubiobio.cl\/index.php\/wp-json\/wp\/v2\/pages\/1812","targetHints":{"allow":["GET"]}}],"collection":[{"href":"http:\/\/degi.ubiobio.cl\/index.php\/wp-json\/wp\/v2\/pages"}],"about":[{"href":"http:\/\/degi.ubiobio.cl\/index.php\/wp-json\/wp\/v2\/types\/page"}],"author":[{"embeddable":true,"href":"http:\/\/degi.ubiobio.cl\/index.php\/wp-json\/wp\/v2\/users\/9"}],"replies":[{"embeddable":true,"href":"http:\/\/degi.ubiobio.cl\/index.php\/wp-json\/wp\/v2\/comments?post=1812"}],"version-history":[{"count":13,"href":"http:\/\/degi.ubiobio.cl\/index.php\/wp-json\/wp\/v2\/pages\/1812\/revisions"}],"predecessor-version":[{"id":1849,"href":"http:\/\/degi.ubiobio.cl\/index.php\/wp-json\/wp\/v2\/pages\/1812\/revisions\/1849"}],"wp:attachment":[{"href":"http:\/\/degi.ubiobio.cl\/index.php\/wp-json\/wp\/v2\/media?parent=1812"}],"curies":[{"name":"wp","href":"https:\/\/api.w.org\/{rel}","templated":true}]}}