{"id":1785,"date":"2026-05-04T15:45:21","date_gmt":"2026-05-04T15:45:21","guid":{"rendered":"https:\/\/degi.ubiobio.cl\/?page_id=1785"},"modified":"2026-05-08T13:10:43","modified_gmt":"2026-05-08T13:10:43","slug":"publicaciones-y-conferencias","status":"publish","type":"page","link":"http:\/\/degi.ubiobio.cl\/index.php\/publicaciones-y-conferencias\/","title":{"rendered":"Publicaciones y Conferencias"},"content":{"rendered":"\n<p><strong>Publicaciones indexadas en WOS<\/strong> <strong>asociadas a tesis doctorales<\/strong><\/p>\n\n\n\n<p>2026<\/p>\n\n\n\n<ul class=\"wp-block-list\">\n<li class=\"has-normal-font-size\"><strong>Bravo-Adasme, N.<\/strong>, Cataldo, A., &amp; Grand\u00f3n, E. (2026). Understanding digital hoarding: conceptual framework and future research based on a scoping review.\u00a0<em>Humanities and Social Sciences Communications &#8212;<strong> Impact Factor 3.6 (Q1)<\/strong> &#8212; Cohorte 2021<\/em> (<a href=\"https:\/\/www.nature.com\/articles\/s41599-026-07263-3\" data-type=\"link\" data-id=\"https:\/\/www.nature.com\/articles\/s41599-026-07263-3\">ver publicaci\u00f3n<\/a>)<\/li>\n<\/ul>\n\n\n\n<ul class=\"wp-block-list\">\n<li class=\"has-normal-font-size\"><strong>Bravo-Adasme, N.<\/strong>, Cataldo, A., Grand\u00f3n, E. E., Riquelme, J., Rayo, Y., &amp; Reyes, C. (2026). From the Cluttered Room to the Full Hard Drive: The Relationship Between Hoarding Disorder and Digital Hoarding.\u00a0<em>Behavioral Sciences<\/em>,\u00a0<em>16<\/em>(3), 429. &#8212;<strong> Impact Factor 2.5 (Q2)<\/strong> &#8212; <em>Cohorte 2021<\/em> (<a href=\"https:\/\/www.mdpi.com\/2076-328X\/16\/3\/429\" data-type=\"link\" data-id=\"https:\/\/www.mdpi.com\/2076-328X\/16\/3\/429\">ver publicaci\u00f3n<\/a>)<\/li>\n\n\n\n<li class=\"has-normal-font-size\"><strong>Gonz\u00e1lez-Infante, L.<\/strong>, Marquez, G., Parra-Soto, S., Cardona-Valencia, M., &amp; Taramasco, C. (2026). Machine Learning Techniques Used for the Identification of Sociodemographic Factors Associated With Cancer: Systematic Literature Review.\u00a0<em>Journal of Medical Internet Research<\/em>,\u00a0<em>28<\/em>, e79187. &#8212;<strong> Impact Factor 6.0 (Q1)<\/strong> &#8211;Cohorte 2023 (<a href=\"https:\/\/www.jmir.org\/2026\/1\/e79187\/\" data-type=\"link\" data-id=\"https:\/\/www.jmir.org\/2026\/1\/e79187\/\">ver publicaci\u00f3n<\/a>)<\/li>\n<\/ul>\n\n\n\n<ul class=\"wp-block-list\">\n<li class=\"has-normal-font-size\"><strong>L\u00f3pez, F. A.<\/strong>, Y\u00e1\u00f1ez Alvarado, M., Araya-Guzm\u00e1n, S., &amp; Gatica, G. (2026). Drivers of cybersecurity adoption in developing countries: a data-driven approach.\u00a0<em>Academia-Revista Latinoamericana de Administracion<\/em>, 1-23. &#8212; <strong>Impact Factor 1.2 (Q3)<\/strong> &#8212; Cohorte 2021 (<a href=\"https:\/\/www.emerald.com\/arla\/article-abstract\/doi\/10.1108\/ARLA-12-2024-0358\/1340453\/Drivers-of-cybersecurity-adoption-in-developing?redirectedFrom=fulltext\" data-type=\"link\" data-id=\"https:\/\/www.emerald.com\/arla\/article-abstract\/doi\/10.1108\/ARLA-12-2024-0358\/1340453\/Drivers-of-cybersecurity-adoption-in-developing?redirectedFrom=fulltext\">ver publicaci\u00f3n<\/a>)<\/li>\n<\/ul>\n\n\n\n<p>2025<\/p>\n\n\n\n<ul class=\"wp-block-list\">\n<li class=\"has-normal-font-size\"><strong>Gonz\u00e1lez-Albornoz, P.<\/strong>, Rubio-Manzano, C., &amp; L\u00f3pez, M. I. (2025). Explaining Urban Transformation in Heritage Areas: A Comparative Analysis of Predictive and Interpretive Machine Learning Models for Land-Use Change.\u00a0<em>Mathematics<\/em>,\u00a0<em>13<\/em>(24), 3971. <em>&#8212; <strong>Impact Factor 2.2 (Q1)<\/strong> &#8212; Cohorte 2021<\/em> (<a href=\"https:\/\/www.mdpi.com\/2227-7390\/13\/24\/3971\" data-type=\"link\" data-id=\"https:\/\/www.mdpi.com\/2227-7390\/13\/24\/3971\">ver publicaci\u00f3n<\/a>)<\/li>\n\n\n\n<li class=\"has-normal-font-size\"><strong>L\u00f3pez, F. A.<\/strong>, Jara-Sarr\u00faa, L., Morales-Parada, F., &amp; Palos-S\u00e1nchez, P. R. (2025). Cybersecurity disclosure in the financial sector: an examination of the influence of incident exposure, governance practices, and regulatory context.\u00a0<em>Electronic Commerce Research<\/em>, 1-29. <em>&#8212;<strong> Impact Factor 4.7 (Q2)<\/strong>&#8212; Cohorte 2021<\/em> (<a href=\"https:\/\/link.springer.com\/article\/10.1007\/s10660-025-10081-5\" data-type=\"link\" data-id=\"https:\/\/link.springer.com\/article\/10.1007\/s10660-025-10081-5\">ver publicaci\u00f3n<\/a>)<\/li>\n\n\n\n<li class=\"has-normal-font-size\"><strong>Vald\u00e9s-Elizalde, S<\/strong>., Mendoza-Llanos, R., Molinillo, S., &amp; Campos, P. G. (2025). Unveiling economic barriers to cultural consumption in Chile: insights from SHAP analysis and predictive modeling.\u00a0<em>Academia Revista Latinoamericana de Administraci\u00f3n<\/em>,\u00a0<em>38<\/em>(1), 53-73. <em>&#8212; <strong>Impact Factor 1.2 (Q3)<\/strong> <\/em> <em>&#8212;  Cohorte 2021<\/em> (<a href=\"https:\/\/www.emerald.com\/arla\/article\/38\/1\/53\/1274532\/Unveiling-economic-barriers-to-cultural\" data-type=\"link\" data-id=\"https:\/\/www.emerald.com\/arla\/article\/38\/1\/53\/1274532\/Unveiling-economic-barriers-to-cultural\">ver publicaci\u00f3n<\/a>)<\/li>\n<\/ul>\n\n\n\n<p>2024<\/p>\n\n\n\n<ul class=\"wp-block-list\">\n<li class=\"has-normal-font-size\"><strong>Gonz\u00e1lez-Albornoz, P.<\/strong>, L\u00f3pez, M. I., Carmona, P., &amp; Rubio-Manzano, C. (2024). Digitalization and Spatial Simulation in Urban Management: Land-Use Change Model for Industrial Heritage Conservation.\u00a0<em>Applied Sciences<\/em>,\u00a0<em>14<\/em>(16), 7221. <em>&#8212;<strong> Impact Factor 2.5 (Q2)<\/strong> &#8212; Cohorte 2021<\/em> (<a href=\"https:\/\/www.mdpi.com\/2076-3417\/14\/16\/7221\" data-type=\"link\" data-id=\"https:\/\/www.mdpi.com\/2076-3417\/14\/16\/7221\">ver publicaci\u00f3n<\/a>)<\/li>\n<\/ul>\n\n\n\n<p><strong>Participaci\u00f3n en Conferencias asociadas a tesis doctorales<\/strong><\/p>\n\n\n\n<p>2026<\/p>\n\n\n\n<ul class=\"wp-block-list\">\n<li class=\"has-normal-font-size\"><\/li>\n<\/ul>\n\n\n\n<p>2025<\/p>\n\n\n\n<ul class=\"wp-block-list\">\n<li class=\"has-normal-font-size\"><strong>L\u00f3pez, F. A.<\/strong>, Costa L, G., &amp; Gatica, G. (2025, June). Exploration of Cybersecurity Capabilities Using Clustering and Fuzzy Logic: A Global Study Based on the Global Cybersecurity Index. In&nbsp;<em>Iberian Conference on Information Systems and Technologies<\/em>&nbsp;(pp. 224-237). Cham: Springer Nature Switzerland. &#8212; Cohorte 2021 (<a href=\"https:\/\/link.springer.com\/chapter\/10.1007\/978-3-032-10721-3_20\" data-type=\"link\" data-id=\"https:\/\/link.springer.com\/chapter\/10.1007\/978-3-032-10721-3_20\">ver publicaci\u00f3n<\/a>)<\/li>\n\n\n\n<li class=\"has-normal-font-size\"><strong>Lopez, F. A.<\/strong>, &amp; Gatica, G. (2025, January). The impact of fear of cyberattacks on cybersecurity behaviour in young college students. In&nbsp;<em>International Conference on Information Technology &amp; Systems<\/em>&nbsp;(pp. 82-92). Cham: Springer Nature Switzerland. &#8212; Cohorte 2021 (<a href=\"https:\/\/link.springer.com\/chapter\/10.1007\/978-3-031-93103-1_9\" data-type=\"link\" data-id=\"https:\/\/link.springer.com\/chapter\/10.1007\/978-3-031-93103-1_9\">ver publicaci\u00f3n<\/a>)<\/li>\n<\/ul>\n\n\n\n<p>2024<\/p>\n\n\n\n<ul class=\"wp-block-list\">\n<li class=\"has-normal-font-size\"><strong>Bravo-Adasme, N.<\/strong>, Cataldo, A., Grand\u00f3n, E., &amp; G\u00e1mez-Guadix, M. (2024, June). Negative Consequences in Daily Life: The Effects of Digital Hoarding and Loss of Control on Workers. In&nbsp;<em>Iberian Conference on Information Systems and Technologies<\/em>&nbsp;(pp. 427-440). Cham: Springer Nature Switzerland. &#8212; Cohorte 2021 (<a href=\"https:\/\/link.springer.com\/chapter\/10.1007\/978-3-032-12885-0_37\" data-type=\"link\" data-id=\"https:\/\/link.springer.com\/chapter\/10.1007\/978-3-032-12885-0_37\">ver publicaci\u00f3n<\/a>)<\/li>\n\n\n\n<li class=\"has-normal-font-size\"><strong>L\u00f3pez, F. A.<\/strong>, Costa, G., Solano, A., Palos, S. P., &amp; Gatica, G. (2024, June). Behavioral factors related to the cybersecurity practices of college students. In&nbsp;<em>Iberian Conference on Information Systems and Technologies<\/em>&nbsp;(pp. 345-357). Cham: Springer Nature Switzerland. &#8212; Cohorte 2021 (<a href=\"https:\/\/link.springer.com\/chapter\/10.1007\/978-3-032-12885-0_31\" data-type=\"link\" data-id=\"https:\/\/link.springer.com\/chapter\/10.1007\/978-3-032-12885-0_31\">ver publicaci\u00f3n<\/a>)<\/li>\n\n\n\n<li class=\"has-normal-font-size\"><strong>Vald\u00e9s-Elizalde, S.<\/strong>, Molinillo, S., &amp; Mendoza-Llanos, R. (2024). Decodificando patrones del consumo cultural en Chile: un recorrido multidimensional de 13 anos.\u00a0<em>Desde El Consumidor Hasta La Estrategia: Marketing Y Sostenibilidad En La Encrucijada Del Cambio, 1a Edici\u00f3n, C\u00e1tedra Fundaci\u00f3n Ram\u00f3n Areces de Distribuci\u00f3n Comercial, Universidad de Oviedo, Oviedo, Asturias, Espa\u00f1a<\/em>, 97-117. &#8212; Cohorte 2021 (<a href=\"https:\/\/www.catedrafundacionarecesdcuniovi.es\/noticia-publicacion-libro-desde-el-consumidor-hasta-la-estrategia--marketing-y-sostenibilidad-en-la-encrucijada-del-cambio-es.html\" data-type=\"link\" data-id=\"https:\/\/www.catedrafundacionarecesdcuniovi.es\/noticia-publicacion-libro-desde-el-consumidor-hasta-la-estrategia--marketing-y-sostenibilidad-en-la-encrucijada-del-cambio-es.html\">ver publicaci\u00f3n<\/a>)<\/li>\n<\/ul>\n\n\n\n<p><strong>Otras publicaciones de los estudiantes no asociadas a sus tesis doctorales pero realizadas durante su estancia en el programa<\/strong><\/p>\n\n\n\n<p>Cohorte 2023<\/p>\n\n\n\n<p class=\"has-normal-font-size\"><strong>Sebasti\u00e1n Maureira Meneses<\/strong><\/p>\n\n\n\n<ul class=\"wp-block-list\">\n<li class=\"has-normal-font-size\">Acu\u00f1a-Hormazabal, A.,\u00a0<strong>Maureira-Meneses, S<\/strong>., Gonz\u00e1lez- Infante, L. P., &amp; Mendoza-Llanos, R. (2024). Gesti\u00f3n de la felicidad y organizaciones saludables. Evidencias de intervenci\u00f3n. En J. Vargas. (Ed). Investigaciones en Administraci\u00f3n. Perspectivas y estudios multidisciplinares. Volumen I. (pp. 116-133). Religaci\u00f3n Press. &#8211;\u00a0<a href=\"http:\/\/doi.org\/10.46652\/reli-gacionpress.173.c157\" target=\"_blank\" rel=\"noreferrer noopener\">http:\/\/doi.org\/10.46652\/reli-gacionpress.173.c157<\/a><\/li>\n\n\n\n<li class=\"has-normal-font-size\"><strong>Maureira-Meneses, S.<\/strong>, Mendoza-Llanos, R. &amp; Campos-Guti\u00e9rrez, M. (2025, noviembre).\u00a0Propiedades psicom\u00e9tricas y estructura factorial del Burnout Assessment Tool-12 en trabajadores del centro-sur de Chile. XI Congreso Sociedad Cient\u00edfica de Psicolog\u00eda de Chile.\u00a0<a href=\"https:\/\/horizonteenfermeria.uc.cl\/index.php\/psykhe\/article\/view\/102712\" target=\"_blank\" rel=\"noreferrer noopener\">https:\/\/horizonteenfermeria.uc.cl\/index.php\/psykhe\/article\/view\/102712<\/a><\/li>\n\n\n\n<li class=\"has-normal-font-size\"><strong>Maureira-Meneses, S.<\/strong>, Mendoza-Llanos, R. &amp; Acu\u00f1a-Hormaz\u00e1bal, \u00c1. (2024, octubre). Percepci\u00f3n socioecon\u00f3mica y satisfacci\u00f3n laboral: hacia una gesti\u00f3n de personas desde los Macro recursos sociales. VII Congreso Chileno de Psicolog\u00eda del Trabajo y las Organizaciones. <\/li>\n<\/ul>\n\n\n\n<p>Cohorte 2022<\/p>\n\n\n\n<p class=\"has-normal-font-size\"><strong>Yarisel Bueno Broterson<\/strong><\/p>\n\n\n\n<ul class=\"wp-block-list has-small-font-size\">\n<li class=\"has-normal-font-size\">Araya-Guzm\u00e1n, S.,\u00a0<strong>Bueno-Broterson, Y<\/strong>., Gui\u00f1ez-P\u00e9rez, M. y Salazar-Concha, C. (2026). Efectos del tecnoestr\u00e9s sobre el compromiso de continuidad y el rendimiento organizativo en instituciones de educaci\u00f3n superior chilenas.\u00a0<em>Retos Revista de Ciencias de la Administraci\u00f3n y Econom\u00eda, 16<\/em>(31), pp. 161-178.\u00a0<a href=\"https:\/\/doi.org\/10.17163\/ret.n31.2026.09\" target=\"_blank\" rel=\"noreferrer noopener\">https:\/\/doi.org\/10.17163\/ret.n31.2026.09<\/a><\/li>\n\n\n\n<li class=\"has-normal-font-size\"><strong>Bueno-Broterson, Y<\/strong>., Araya-Guzm\u00e1n, S., &amp; Salazar-Concha, C. (2025). Knowledge Management and organizational performance: analysis in the Chilean educational context.\u00a0P<em>rometeica &#8211; Revista de Filosof\u00eda y Ciencias,\u00a032<\/em>, e19799 pp. 1-22.\u00a0<a href=\"https:\/\/doi.org\/10.34024\/prometeica.2025.32.19799\" target=\"_blank\" rel=\"noreferrer noopener\">https:\/\/doi.org\/10.34024\/prometeica.2025.32.19799<\/a>\u00a0<\/li>\n\n\n\n<li class=\"has-normal-font-size\">Huerta-Riveros, P., Almod\u00f3var-Mart\u00ednez, P., Leyton-Pavez, C., &amp;\u00a0<strong>Bueno-Broterson, Y.<\/strong>\u00a0(2024). Desaf\u00edos enfrentados por las organizaciones en latinoam\u00e9rica durante 1975-2021. Consideraciones postpandemia: an\u00e1lisis bibliom\u00e9trico.\u00a0<em>Telos: Revista de Estudios Interdisciplinarios en Ciencias Sociales,\u00a025<\/em>(2), 478-496.\u00a0<a href=\"https:\/\/doi.org\/10.36390\/telos252.16\" target=\"_blank\" rel=\"noreferrer noopener\">https:\/\/doi.org\/10.36390\/telos252.16<\/a><\/li>\n<\/ul>\n\n\n\n<p><\/p>\n","protected":false},"excerpt":{"rendered":"<p>Publicaciones indexadas en WOS asociadas a tesis doctorales 2026 2025 2024 Participaci\u00f3n en Conferencias asociadas a tesis doctorales 2026 2025 2024 Otras publicaciones de los estudiantes no asociadas a sus tesis doctorales pero realizadas durante su estancia en el programa Cohorte 2023 Sebasti\u00e1n Maureira Meneses Cohorte 2022 Yarisel Bueno Broterson<\/p>\n","protected":false},"author":9,"featured_media":0,"parent":0,"menu_order":0,"comment_status":"closed","ping_status":"closed","template":"","meta":{"footnotes":""},"class_list":["post-1785","page","type-page","status-publish","hentry"],"_links":{"self":[{"href":"http:\/\/degi.ubiobio.cl\/index.php\/wp-json\/wp\/v2\/pages\/1785","targetHints":{"allow":["GET"]}}],"collection":[{"href":"http:\/\/degi.ubiobio.cl\/index.php\/wp-json\/wp\/v2\/pages"}],"about":[{"href":"http:\/\/degi.ubiobio.cl\/index.php\/wp-json\/wp\/v2\/types\/page"}],"author":[{"embeddable":true,"href":"http:\/\/degi.ubiobio.cl\/index.php\/wp-json\/wp\/v2\/users\/9"}],"replies":[{"embeddable":true,"href":"http:\/\/degi.ubiobio.cl\/index.php\/wp-json\/wp\/v2\/comments?post=1785"}],"version-history":[{"count":26,"href":"http:\/\/degi.ubiobio.cl\/index.php\/wp-json\/wp\/v2\/pages\/1785\/revisions"}],"predecessor-version":[{"id":1896,"href":"http:\/\/degi.ubiobio.cl\/index.php\/wp-json\/wp\/v2\/pages\/1785\/revisions\/1896"}],"wp:attachment":[{"href":"http:\/\/degi.ubiobio.cl\/index.php\/wp-json\/wp\/v2\/media?parent=1785"}],"curies":[{"name":"wp","href":"https:\/\/api.w.org\/{rel}","templated":true}]}}